{"id":60,"date":"2019-01-19T12:40:57","date_gmt":"2019-01-19T12:40:57","guid":{"rendered":"https:\/\/containerdienstbaden.live-website.com\/?page_id=60"},"modified":"2019-07-03T07:32:56","modified_gmt":"2019-07-03T07:32:56","slug":"portfolio-2","status":"publish","type":"page","link":"https:\/\/containerdienst-baden.de\/?page_id=60","title":{"rendered":"Portfolio"},"content":{"rendered":"\n<div class=\"n module-type-header diyfeLiveArea \">\n<h2><span class=\"diyfeDecoration\">Containerdienst<\/span><\/h2>\n<\/div>\n<div class=\"n module-type-text diyfeLiveArea \">\n<p>Bestellen Sie bei uns s\u00e4mtliche Beh\u00e4ltergr\u00f6\u00dfen von 120 Litern bis hin zu 30 m\u00b3 Fassungsverm\u00f6gen. Wir entsorgen nicht nur Ihren Abfall, sondern f\u00fchren ihn, soweit m\u00f6glich, einer nachhaltigen Wiederaufbereitung zu. <br \/>Wir bieten Ihnen offene Absetzcontainer f\u00fcr den Transport von gemischtem Bauschutt wie Ziegel\/Tondachziegel, Sand, Kies, Schotter, etc. bis hin zu geschlossenen Presscontainern f\u00fcr Papier und Pappe und Kartonage.<br \/>Rufen Sie uns an, wir beraten Sie gerne und machen Ihnen ein passendes und g\u00fcnstiges Angebot.<\/p>\n<\/div>\n<div class=\"n module-type-header diyfeLiveArea \">\n<h2>\u00a0<\/h2>\n<h2><span class=\"diyfeDecoration\">Aktenvernichtung nach BDSG<\/span><\/h2>\n<\/div>\n<div class=\"n module-type-text diyfeLiveArea \">\n<p>Sie haben hoch sensible Daten, die vernichtet werden sollen? Dann wenden Sie sich vertrauensvoll an uns. Wir entsorgen komplette Archive. Die Unterlagen werden samt Ordner vernichtet. Auch Daten auf digitalen Datentr\u00e4gern \u00a0werden fachgerecht von uns entsorgt.<\/p>\n<\/div>\n<div class=\"n module-type-header diyfeLiveArea \">\n<h2>\u00a0<\/h2>\n<h2><span class=\"diyfeDecoration\">Haushalts-Aufl\u00f6sung<\/span><\/h2>\n<\/div>\n<div class=\"n module-type-text diyfeLiveArea \">\n<p>Wir entr\u00fcmpeln Ihr Haus von Keller bis unters Dach und bieten Komplettl\u00f6sungen f\u00fcr fachgerechte Wohnungsaufl\u00f6sungen und die Entsorgung von Hausrat.<\/p>\n<\/div>\n<div class=\"n module-type-header diyfeLiveArea \">\n<h2>\u00a0<\/h2>\n<h2><span class=\"diyfeDecoration\">Gewerbem\u00fcll<\/span><\/h2>\n<\/div>\n<div class=\"n module-type-text diyfeLiveArea \">\n<p>Nach der Gewerbeabfallverordnung soll eine m\u00f6glichst hochwertige Verwertung der Abf\u00e4lle erfolgen. Daf\u00fcr sorgen wir! Als Spezialisten entsorgen wir den Gewerbem\u00fcll schnell, zuverl\u00e4ssig und kosteng\u00fcnstig. Wir bieten Ihnen den Service, den Abfall mehrmals im Monat oder sogar t\u00e4glich bei Ihnen abzuholen.<br \/>Wir beraten Sie gerne!<\/p>\n<\/div>\n<p>\u00a0<\/p>\n<h3>Gr\u00fcnschnitt und Erdaushub<\/h3>\n<p>Wenn es um Ihren Garten oder um Gr\u00fcnfl\u00e4chen in Ihrem Unternehmen geht, k\u00f6nnen Sie \u00fcber uns unkompliziert Gr\u00fcnschnitt, Erdaushub und Biom\u00fcll entsorgen.<\/p>\n","protected":false},"excerpt":{"rendered":"<p>Containerdienst Bestellen Sie bei uns s\u00e4mtliche Beh\u00e4ltergr\u00f6\u00dfen von 120 Litern bis hin zu 30 m\u00b3 Fassungsverm\u00f6gen. Wir entsorgen nicht nur Ihren Abfall, sondern f\u00fchren ihn, soweit m\u00f6glich, einer nachhaltigen Wiederaufbereitung zu. Wir bieten Ihnen offene Absetzcontainer f\u00fcr den Transport von gemischtem Bauschutt wie Ziegel\/Tondachziegel, Sand, Kies, Schotter, etc. bis hin zu geschlossenen Presscontainern f\u00fcr Papier [&hellip;]<\/p>\n","protected":false},"author":1,"featured_media":0,"parent":0,"menu_order":0,"comment_status":"closed","ping_status":"closed","template":"","meta":{"footnotes":""},"class_list":["post-60","page","type-page","status-publish","hentry"],"_links":{"self":[{"href":"https:\/\/containerdienst-baden.de\/index.php?rest_route=\/wp\/v2\/pages\/60","targetHints":{"allow":["GET"]}}],"collection":[{"href":"https:\/\/containerdienst-baden.de\/index.php?rest_route=\/wp\/v2\/pages"}],"about":[{"href":"https:\/\/containerdienst-baden.de\/index.php?rest_route=\/wp\/v2\/types\/page"}],"author":[{"embeddable":true,"href":"https:\/\/containerdienst-baden.de\/index.php?rest_route=\/wp\/v2\/users\/1"}],"replies":[{"embeddable":true,"href":"https:\/\/containerdienst-baden.de\/index.php?rest_route=%2Fwp%2Fv2%2Fcomments&post=60"}],"version-history":[{"count":7,"href":"https:\/\/containerdienst-baden.de\/index.php?rest_route=\/wp\/v2\/pages\/60\/revisions"}],"predecessor-version":[{"id":103,"href":"https:\/\/containerdienst-baden.de\/index.php?rest_route=\/wp\/v2\/pages\/60\/revisions\/103"}],"wp:attachment":[{"href":"https:\/\/containerdienst-baden.de\/index.php?rest_route=%2Fwp%2Fv2%2Fmedia&parent=60"}],"curies":[{"name":"wp","href":"https:\/\/api.w.org\/{rel}","templated":true}]}}