{"id":2,"date":"2019-01-19T10:05:21","date_gmt":"2019-01-19T10:05:21","guid":{"rendered":"http:\/\/containerdienstbaden.live-website.com\/?page_id=2"},"modified":"2019-07-03T07:37:56","modified_gmt":"2019-07-03T07:37:56","slug":"container-baden-wurttemberg","status":"publish","type":"page","link":"https:\/\/containerdienst-baden.de\/","title":{"rendered":"Herzlich Willkommen bei Ihrem Partner f\u00fcr Abfallentsorgung und Containerdienste, im Raum Baden-W\u00fcrttemberg!"},"content":{"rendered":"\n<figure class=\"wp-block-image\"><img loading=\"lazy\" decoding=\"async\" width=\"640\" height=\"80\" src=\"https:\/\/containerdienst-baden.de\/wp-content\/uploads\/2019\/01\/checkbox01.gif\" alt=\"\" class=\"wp-image-29\"\/><\/figure>\n\n\n\n<p><strong>Wir bieten Ihnen zufriedenstellende L\u00f6sungen f\u00fcr die sachgem\u00e4\u00dfe Entsorgung &#8211; gewerblich und privat <\/strong><\/p>\n\n\n\n<ul class=\"wp-block-list\"><li> Container f\u00fcr Bauschutt, Ziegel, Sand, Kies von 2,5m\u00b3 &#8211; 20m\u00b3<\/li><li>Aktenvernichtung<\/li><li>Gr\u00fcnschnitt<\/li><li>Pappe \/ Kartonage<\/li><li>Holz (unbehandelt)<\/li><li>Hausrat<\/li><\/ul>\n\n\n\n<p>F\u00fcr spezielle Auftr\u00e4ge stehen wir Ihnen gerne mit unserer jahrelangen Erfahrung zur Seite und finden die beste L\u00f6sung f\u00fcr Sie.<\/p>\n\n\n\n<p>Bitte kontaktieren Sie uns f\u00fcr ma\u00dfgeschneiderte Entsorgungsangebote und Containerdienste im Raum Baden und Baden W\u00fcrttemberg.<\/p>\n","protected":false},"excerpt":{"rendered":"<p>Containerdienst f\u00fcr den Raum Beden W\u00fcrttemberg<\/p>\n","protected":false},"author":1,"featured_media":90,"parent":0,"menu_order":0,"comment_status":"closed","ping_status":"open","template":"","meta":{"footnotes":""},"class_list":["post-2","page","type-page","status-publish","has-post-thumbnail","hentry"],"_links":{"self":[{"href":"https:\/\/containerdienst-baden.de\/index.php?rest_route=\/wp\/v2\/pages\/2","targetHints":{"allow":["GET"]}}],"collection":[{"href":"https:\/\/containerdienst-baden.de\/index.php?rest_route=\/wp\/v2\/pages"}],"about":[{"href":"https:\/\/containerdienst-baden.de\/index.php?rest_route=\/wp\/v2\/types\/page"}],"author":[{"embeddable":true,"href":"https:\/\/containerdienst-baden.de\/index.php?rest_route=\/wp\/v2\/users\/1"}],"replies":[{"embeddable":true,"href":"https:\/\/containerdienst-baden.de\/index.php?rest_route=%2Fwp%2Fv2%2Fcomments&post=2"}],"version-history":[{"count":13,"href":"https:\/\/containerdienst-baden.de\/index.php?rest_route=\/wp\/v2\/pages\/2\/revisions"}],"predecessor-version":[{"id":108,"href":"https:\/\/containerdienst-baden.de\/index.php?rest_route=\/wp\/v2\/pages\/2\/revisions\/108"}],"wp:featuredmedia":[{"embeddable":true,"href":"https:\/\/containerdienst-baden.de\/index.php?rest_route=\/wp\/v2\/media\/90"}],"wp:attachment":[{"href":"https:\/\/containerdienst-baden.de\/index.php?rest_route=%2Fwp%2Fv2%2Fmedia&parent=2"}],"curies":[{"name":"wp","href":"https:\/\/api.w.org\/{rel}","templated":true}]}}